{"id":1558,"date":"2020-04-15T13:42:39","date_gmt":"2020-04-15T11:42:39","guid":{"rendered":"http:\/\/www.aves-ostkantone.be\/cms\/?page_id=1558"},"modified":"2020-04-17T09:29:05","modified_gmt":"2020-04-17T07:29:05","slug":"naturinfo","status":"publish","type":"page","link":"https:\/\/www.aves-ostkantone.be\/cms\/naturinfo\/","title":{"rendered":"Naturinfo"},"content":{"rendered":"\n\t<h3>Faszination Ameisen<\/h3>\n<p>Ameisen in unserem t\u00e4glichen Leben sind allgegenw\u00e4rtig. Gemessen an der Individuenzahl, der Biomasse und der Verbreitung sind Ameisen ein gro\u00dfer biologischer Erfolg. [ <a href=\"http:\/\/www.aves-ostkantone.be\/cms\/wp-content\/uploads\/2020\/04\/aves-ostkantone-naturinfo-ameisen.pdf\" target=\"_blank\" rel=\"noopener noreferrer\">weiter<\/a> ] PDF<\/p>\n\t<h3>B\u00e4ume im Winter<\/h3>\n<p>Was? Ist es m\u00f6glich, einen Baum im Winter zu erkennen? Ohne Bl\u00e4tter, Bl\u00fcten oder Fr\u00fcchte? Ja, das geht! Wie das verr\u00e4t Dir heute AVES-Ostkantone. [ <a href=\"http:\/\/www.aves-ostkantone.be\/cms\/wp-content\/uploads\/2020\/04\/aves-ostkantone-naturinfo-baeume_im_winter.pdf\" target=\"_blank\" rel=\"noopener noreferrer\">weiter<\/a> ] PDF<\/p>\n\t<h3>Der Feldhase<\/h3>\n<p>Jedem ist er ein Begriff und nicht nur die Kinder freuen sich jedes Jahr auf ihn: der Osterhase. Doch woher kommt dieser Brauch, und was hat er eigentlich zu be-deuten? [ <a href=\"http:\/\/www.aves-ostkantone.be\/cms\/wp-content\/uploads\/2020\/04\/aves-ostkantone-naturinfo-der_feldhase.pdf\" target=\"_blank\" rel=\"noopener noreferrer\">weiter<\/a> ] PDF<\/p>\n\t<h3>Der Rotmilan in Ostbelgien<\/h3>\n<p>In seinem sch\u00f6nen, schwimmenden Segelflug sieht der Milan aus, als w\u00fcrde er vom Wind gesch\u00fcttelt. Im Herbst sammeln sich die Milane zu Wanderscharen, die meist in S\u00fcd-europa \u00fcberwintern. [ <a href=\"http:\/\/www.aves-ostkantone.be\/cms\/wp-content\/uploads\/2020\/04\/aves-ostkantone-naturinfo-der_rotmilan_in_ostbelgien.pdf\" target=\"_blank\" rel=\"noopener noreferrer\">weiter<\/a> ] PDF<\/p>\n\t<h3>Der Schwalbenschwanz<\/h3>\n<p>Der Schwalbenschwanz ist an das relativ rauhe zentraleurop\u00e4ische Klima bestens adaptiert. Er kann er auf eine \u00f6kologische Kompensation, d. h. auf das Besetzen mikroklimatisch besonders g\u00fcnstiger Nischen, verzichten. [ <a href=\"http:\/\/www.aves-ostkantone.be\/cms\/wp-content\/uploads\/2020\/04\/aves-ostkantone-naturinfo-der_schwalbenschwanz.pdf\" target=\"_blank\" rel=\"noopener noreferrer\">weiter<\/a> ] PDF<\/p>\n\t<h3>Einblicke in die Vogelwelt des Hohen Venns und der anliegenden Gebiete<\/h3>\n<p>Moore, insbesondere Hoch-moore, findet man in Belgien nur auf den alten Hochebe-nen der Ardennen im S\u00fcden von Samber und Maas. [ <a href=\"http:\/\/www.aves-ostkantone.be\/cms\/wp-content\/uploads\/2020\/04\/aves-ostkantone-naturinfo-einblicke_in_die_vogelwelt_des_hohen_venns.pdf\" target=\"_blank\" rel=\"noopener noreferrer\">weiter<\/a> ] PDF<\/p>\n\t<h3>Eine Chance f\u00fcr die Natur an unseren Geb\u00e4uden<\/h3>\n<p>Innerhalb des bewohnten Bereiches, sogar inmitten unserer St\u00e4dte ist die Natur nicht so weit von uns entfernt, wie man glauben m\u00f6chte. [ <a href=\"http:\/\/www.aves-ostkantone.be\/cms\/wp-content\/uploads\/2020\/04\/aves-ostkantone-naturinfo-eine_chance_fuer_die_natur_an_unseren_gebaeuden.pdf\" target=\"_blank\" rel=\"noopener noreferrer\">weiter<\/a> ] PDF<\/p>\n\t<h3>Heimische V\u00f6gel<\/h3>\n<p>AVES-Ostkantone bietet Vogelexkursionen an, auf denen man von erfahrenen Vogelkundlern etwas \u00fcber die Merkmale der Vogelarten lernen kann. [ <a href=\"http:\/\/www.aves-ostkantone.be\/cms\/wp-content\/uploads\/2020\/04\/aves-ostkantone-naturinfo-einheimische_voegel.pdf\" target=\"_blank\" rel=\"noopener noreferrer\">weiter<\/a> ] PDF<\/p>\n\t<h3>Eulen &#8211; Geheimnisvolle J\u00e4ger der Nacht<\/h3>\n<p>Eulen und K\u00e4uze sind faszinierende Tiere, die man als Nachtv\u00f6gel leider nur selten zu Ge-sicht bekommt. Durch ihre starr nach vorne gerichteten gro\u00dfen Augen erscheinen sie uns fast menschlich. [ <a href=\"http:\/\/www.aves-ostkantone.be\/cms\/wp-content\/uploads\/2020\/04\/aves-ostkantone-naturinfo-eulen-geheimnisvolle_jaeger_der_nacht.pdf\" target=\"_blank\" rel=\"noopener noreferrer\">weiter<\/a> ] PDF<\/p>\n\t<h3>Faszination Vogelzug<\/h3>\n<p>Ein typisches Fr\u00fchlingsbild: Vogelschw\u00e4rme und \u2013gruppen ziehen \u00fcber das Land. Die einen sind auf dem Weg in n\u00f6rdlichere Gefilde, die anderen kommen, um bei uns zu \u00fcberwintern. [ <a href=\"http:\/\/www.aves-ostkantone.be\/cms\/wp-content\/uploads\/2020\/04\/aves-ostkantone-naturinfo-faszination_vogelzug.pdf\" target=\"_blank\" rel=\"noopener noreferrer\">weiter<\/a> ] PDF<\/p>\n\t<h3>Gefahr \u201eM\u00e4htod\u201c &#8211; Ein Ratgeber nicht nur f\u00fcr Landwirte<\/h3>\n<p>In Ostbelgien spielt die Gr\u00fcnlandbewirtschaftung eine wesentliche Rolle. Zur Produktion von Nahrungs- und Futtermitteln stellen die hier genutzten Fl\u00e4chen zugleich einen unverzichtbaren Lebensraum f\u00fcr viele Wildtiere dar. [ <a href=\"http:\/\/www.aves-ostkantone.be\/cms\/wp-content\/uploads\/2020\/04\/aves-ostkantone-naturinfo-gefahr_maehtod.pdf\" target=\"_blank\" rel=\"noopener noreferrer\">weiter<\/a> ] PDF<\/p>\n\t<h3>Hecken in Ostbelgien &#8211; Zeugen einer Kulturlandschaft<\/h3>\n<p>Hecken sind f\u00fcr die \u00f6kologische Qualit\u00e4t und f\u00fcr das touristisch wirksame Bild unserer Kul-turlandschaft in Ostbelgien unentbehrlich. [ <a href=\"http:\/\/www.aves-ostkantone.be\/cms\/wp-content\/uploads\/2020\/04\/aves-ostkantone-naturinfo-hecken-zeugen_einer_kulturlandschaft.pdf\" target=\"_blank\" rel=\"noopener noreferrer\">weiter<\/a> ] PDF<\/p>\n\t<h3>Der Kranich<\/h3>\n<p>Im Herbst blickt man ihnen wehm\u00fctig nach, im Fr\u00fchling begr\u00fcssen wir sie erfreut, da sie die warme Jahreszeit ank\u00fcnden. [ <a href=\"http:\/\/www.aves-ostkantone.be\/cms\/wp-content\/uploads\/2020\/04\/aves-ostkantone-naturinfo-kraniche.pdf\" target=\"_blank\" rel=\"noopener noreferrer\">weiter<\/a> ] PDF<\/p>\n\t<h3>Naturschutz im stillgelegten Steinbruch<\/h3>\n<p>Obwohl Steinbr\u00fcche die Natur und Landschaft von Grund auf ver\u00e4ndern und deshalb oft als \u201eWunden in der Landschaft\u201c angesehen werden, sind sie oft \u00f6kologisch wertvolle Se-kund\u00e4rstandorte f\u00fcr viele Tier- und Pflanzenarten. [ <a href=\"http:\/\/www.aves-ostkantone.be\/cms\/wp-content\/uploads\/2020\/04\/aves-ostkantone-naturinfo-naturschutz_im_stillgelegten_steinbruch.pdf\" target=\"_blank\" rel=\"noopener noreferrer\">weiter<\/a> ] PDF<\/p>\n\t<h3>Der \u00f6kologische Fu\u00dfabdruck &#8211; Die \u00dcbernutzung unseres Planeten<\/h3>\n<p>F\u00fcr alle Lebensbereiche (f\u00fcr Ern\u00e4hrung, Mobilit\u00e4t, Wohnen, Konsum) brauchen wir Menschen Rohstoffe und Energie, die unser Heimatplanet Erde zur Verf\u00fcgung stellt. [ <a href=\"http:\/\/www.aves-ostkantone.be\/cms\/wp-content\/uploads\/2020\/04\/aves-ostkantone-naturinfo-oekologischer_fu\u00dfabdruck.pdf\" target=\"_blank\" rel=\"noopener noreferrer\">weiter<\/a> ] PDF<\/p>\n\t<h3>Tipps zum Pflanzen von B\u00e4umen und Str\u00e4uchern<\/h3>\n<p>Damit Ihre Pflanzen auch anwachsen&#8230; [ <a href=\"http:\/\/www.aves-ostkantone.be\/cms\/wp-content\/uploads\/2020\/04\/aves-ostkantone-naturinfo-tipps_zum_pflanzen_von_baeumen_und_straeuchern.pdf\" target=\"_blank\" rel=\"noopener noreferrer\">weiter<\/a> ] PDF<\/p>\n\t<h3>Wer hat Angst vorm \u201eb\u00f6sen\u201c Wolf?<\/h3>\n<p>Der Wolf kehrt zur\u00fcck\u2026 Der Wolf lebte urspr\u00fcnglich auch in Ostbelgien, allerdings sorgte der Mensch durch massive Verfolgung zur Ausrottung. [ <a href=\"http:\/\/www.aves-ostkantone.be\/cms\/wp-content\/uploads\/2020\/04\/aves-ostkantone-naturinfo-wer_hat_angst_vorm_boesen_wolf.pdf\" target=\"_blank\" rel=\"noopener noreferrer\">weiter<\/a> ] PDF<\/p>\n\t<h3>Winterf\u00fctterung von V\u00f6geln<\/h3>\n<p>Das F\u00fcttern von V\u00f6geln zur Winterzeit hat eine lange Tradition. Es ist bei vielen Vogelfreun-den beliebt und von Beginn an auch bei AVES-Ostkantone verankert. An Futterstellen lassen sich die Tiere aus n\u00e4chster N\u00e4he beobachten. [ <a href=\"http:\/\/www.aves-ostkantone.be\/cms\/wp-content\/uploads\/2020\/04\/aves-ostkantone-naturinfo-winterfuetterung_von_voegeln.pdf\" target=\"_blank\" rel=\"noopener noreferrer\">weiter<\/a> ] PDF<\/p>\n","protected":false},"excerpt":{"rendered":"<div class=\"entry-summary\">\nBegleittexte von Referaten, allgemeine Informationen und ausgesuchte Texte unserer Zeitschrift&#8230;\n<\/div>\n<div class=\"link-more\"><a href=\"https:\/\/www.aves-ostkantone.be\/cms\/naturinfo\/\" class=\"more-link\">Weiterlesen<span class=\"screen-reader-text\"> &ldquo;Naturinfo&rdquo;<\/span>&hellip;<\/a><\/div>\n","protected":false},"author":1,"featured_media":0,"parent":0,"menu_order":0,"comment_status":"closed","ping_status":"closed","template":"","meta":{"_mc_calendar":[]},"_links":{"self":[{"href":"https:\/\/www.aves-ostkantone.be\/cms\/wp-json\/wp\/v2\/pages\/1558"}],"collection":[{"href":"https:\/\/www.aves-ostkantone.be\/cms\/wp-json\/wp\/v2\/pages"}],"about":[{"href":"https:\/\/www.aves-ostkantone.be\/cms\/wp-json\/wp\/v2\/types\/page"}],"author":[{"embeddable":true,"href":"https:\/\/www.aves-ostkantone.be\/cms\/wp-json\/wp\/v2\/users\/1"}],"replies":[{"embeddable":true,"href":"https:\/\/www.aves-ostkantone.be\/cms\/wp-json\/wp\/v2\/comments?post=1558"}],"version-history":[{"count":8,"href":"https:\/\/www.aves-ostkantone.be\/cms\/wp-json\/wp\/v2\/pages\/1558\/revisions"}],"predecessor-version":[{"id":1665,"href":"https:\/\/www.aves-ostkantone.be\/cms\/wp-json\/wp\/v2\/pages\/1558\/revisions\/1665"}],"wp:attachment":[{"href":"https:\/\/www.aves-ostkantone.be\/cms\/wp-json\/wp\/v2\/media?parent=1558"}],"curies":[{"name":"wp","href":"https:\/\/api.w.org\/{rel}","templated":true}]}}