{"id":1456,"date":"2020-04-02T13:53:13","date_gmt":"2020-04-02T11:53:13","guid":{"rendered":"http:\/\/lab.jardindigital.com\/aves\/?page_id=1456"},"modified":"2023-12-21T11:21:41","modified_gmt":"2023-12-21T10:21:41","slug":"nistkastenangebot","status":"publish","type":"page","link":"https:\/\/www.aves-ostkantone.be\/cms\/wir-ueber-uns\/nistkastenangebot\/","title":{"rendered":"Nistkastenangebot"},"content":{"rendered":"\n\t\t\t\t<a href=\"https:\/\/www.aves-ostkantone.be\/cms\/wp-content\/uploads\/2020\/04\/aves-nistkastenangebot-platzhalter.png\" target=\"_self\" itemprop=\"url\" rel=\"noopener\">\n\t\t\t\t<img loading=\"lazy\" src=\"https:\/\/www.aves-ostkantone.be\/cms\/wp-content\/uploads\/2020\/04\/aves-nistkastenangebot-platzhalter.png\" alt=\"Aves Nistkastenangebot\" itemprop=\"image\" height=\"600\" width=\"800\" title=\"aves-nistkastenangebot-platzhalter\" onerror=\"this.style.display='none'\"  \/>\n\t\t\t\t<\/a>\n\t<p><strong>Mehlschwalbennest (einzeln)<\/strong><\/p>\n\t<p>12,00 \u20ac ohne MwSt.<\/p>\n\t<p>14,55 \u20ac inkl. MwSt.<\/p>\n\t\t\t\t<a href=\"https:\/\/www.aves-ostkantone.be\/cms\/wp-content\/uploads\/2020\/04\/aves-nistkastenangebot-platzhalter.png\" target=\"_self\" itemprop=\"url\" rel=\"noopener\">\n\t\t\t\t<img loading=\"lazy\" src=\"https:\/\/www.aves-ostkantone.be\/cms\/wp-content\/uploads\/2020\/04\/aves-nistkastenangebot-platzhalter.png\" alt=\"Aves Nistkastenangebot\" itemprop=\"image\" height=\"600\" width=\"800\" title=\"aves-nistkastenangebot-platzhalter\" onerror=\"this.style.display='none'\"  \/>\n\t\t\t\t<\/a>\n\t<p><strong>Rauchschwalbennest (einzeln)<\/strong><\/p>\n\t<p>12,00 \u20ac ohne MwSt.<\/p>\n\t<p>14,55 \u20ac inkl. MwSt.<\/p>\n\t\t\t\t<a href=\"https:\/\/www.aves-ostkantone.be\/cms\/wp-content\/uploads\/2020\/04\/aves-nistkasten-03.jpg\" target=\"_self\" itemprop=\"url\" rel=\"noopener\">\n\t\t\t\t<img loading=\"lazy\" src=\"https:\/\/www.aves-ostkantone.be\/cms\/wp-content\/uploads\/2020\/04\/aves-nistkasten-03.jpg\" alt=\"aves-nistkasten-03\" itemprop=\"image\" height=\"600\" width=\"800\" title=\"aves-nistkasten-03\" onerror=\"this.style.display='none'\"  \/>\n\t\t\t\t<\/a>\n\t<p><strong>Meisenkasten (Blau, Kohl-, Hauben-, Tannenmeise, Kleiber, \u2026 pr\u00e4zisieren)<\/strong><\/p>\n\t<p>15,00 \u20ac ohne MwSt.<\/p>\n\t<p>18,15 \u20ac inkl. MwSt.<\/p>\n\t\t\t\t<a href=\"https:\/\/www.aves-ostkantone.be\/cms\/wp-content\/uploads\/2020\/04\/aves-nistkasten-04.jpg\" target=\"_self\" itemprop=\"url\" rel=\"noopener\">\n\t\t\t\t<img src=\"http:\/\/www.aves-ostkantone.be\/cms\/wp-content\/uploads\/2020\/04\/aves-nistkasten-04.jpg\" alt=\"aves-nistkasten-04\" itemprop=\"image\" title=\"aves-nistkasten-04\" onerror=\"this.style.display='none'\"  \/>\n\t\t\t\t<\/a>\n\t<p><strong>Halbh\u00f6hlenbr\u00fcterkasten (Rotschwanz Bachstelze)<\/strong><\/p>\n\t<p>15,00 \u20ac ohne MwSt.<\/p>\n\t<p>18,15 \u20ac inkl. MwSt.<\/p>\n\t\t\t\t<a href=\"https:\/\/www.aves-ostkantone.be\/cms\/wp-content\/uploads\/2020\/04\/aves-nistkasten-08.jpg\" target=\"_self\" itemprop=\"url\" rel=\"noopener\">\n\t\t\t\t<img src=\"http:\/\/www.aves-ostkantone.be\/cms\/wp-content\/uploads\/2020\/04\/aves-nistkasten-08.jpg\" alt=\"aves-nistkasten-08\" itemprop=\"image\" title=\"aves-nistkasten-08\" onerror=\"this.style.display='none'\"  \/>\n\t\t\t\t<\/a>\n\t<p><strong>Fledermauskasten<\/strong><\/p>\n\t<p>15,00 \u20ac ohne MwSt.<\/p>\n\t<p>18,15 \u20ac inkl. MwSt.<\/p>\n\t\t\t\t<a href=\"https:\/\/www.aves-ostkantone.be\/cms\/wp-content\/uploads\/2020\/04\/aves-nistkasten-10.jpg\" target=\"_self\" itemprop=\"url\" rel=\"noopener\">\n\t\t\t\t<img src=\"http:\/\/www.aves-ostkantone.be\/cms\/wp-content\/uploads\/2020\/04\/aves-nistkasten-10.jpg\" alt=\"aves-nistkasten-10\" itemprop=\"image\" title=\"aves-nistkasten-10\" onerror=\"this.style.display='none'\"  \/>\n\t\t\t\t<\/a>\n\t<p><strong>Mehlschwalbennest (doppelt)<\/strong><\/p>\n\t<p>20,00 \u20ac ohne MwSt.<\/p>\n\t<p>24,20 \u20ac inkl. MwSt.<\/p>\n\t\t\t\t<a href=\"https:\/\/www.aves-ostkantone.be\/cms\/wp-content\/uploads\/2020\/04\/aves-nistkasten-11.jpg\" target=\"_self\" itemprop=\"url\" rel=\"noopener\">\n\t\t\t\t<img src=\"http:\/\/www.aves-ostkantone.be\/cms\/wp-content\/uploads\/2020\/04\/aves-nistkasten-11.jpg\" alt=\"aves-nistkasten-11\" itemprop=\"image\" title=\"aves-nistkasten-11\" onerror=\"this.style.display='none'\"  \/>\n\t\t\t\t<\/a>\n\t<p><strong>Insektenhotel klein<\/strong><\/p>\n\t<p>15,00 \u20ac ohne MwSt.<\/p>\n\t<p>18,15 \u20ac inkl. MwSt.<\/p>\n\t\t\t\t<a href=\"https:\/\/www.aves-ostkantone.be\/cms\/wp-content\/uploads\/2020\/04\/aves-nistkasten-13.jpg\" target=\"_self\" itemprop=\"url\" rel=\"noopener\">\n\t\t\t\t<img src=\"http:\/\/www.aves-ostkantone.be\/cms\/wp-content\/uploads\/2020\/04\/aves-nistkasten-13.jpg\" alt=\"aves-nistkasten-13\" itemprop=\"image\" title=\"aves-nistkasten-13\" onerror=\"this.style.display='none'\"  \/>\n\t\t\t\t<\/a>\n\t<p><strong>Futtersilo<\/strong><\/p>\n\t<p>15,00 \u20ac ohne MwSt.<\/p>\n\t<p>18,15 \u20ac inkl. MwSt.<\/p>\n\t\t\t\t<a href=\"https:\/\/www.aves-ostkantone.be\/cms\/wp-content\/uploads\/2020\/04\/aves-nistkastenangebot-platzhalter.png\" target=\"_self\" itemprop=\"url\" rel=\"noopener\">\n\t\t\t\t<img src=\"http:\/\/www.aves-ostkantone.be\/cms\/wp-content\/uploads\/2020\/04\/aves-nistkastenangebot-platzhalter.png\" alt=\"Aves Nistkastenangebot\" itemprop=\"image\" title=\"aves-nistkastenangebot-platzhalter\" onerror=\"this.style.display='none'\"  \/>\n\t\t\t\t<\/a>\n\t<p><strong>Nistkastenbausatz f\u00fcr Kinderanimationen<\/strong><\/p>\n\t<p>10,00 \u20ac ohne MwSt.<\/p>\n\t<p>12,10 \u20ac inkl. MwSt.<\/p>\n\t\t\t\t<a href=\"https:\/\/www.aves-ostkantone.be\/cms\/wp-content\/uploads\/2020\/04\/Werbung_DVD_Biotope_Ostbelgiens_1994.jpg\" target=\"_self\" itemprop=\"url\" rel=\"noopener\">\n\t\t\t\t<img src=\"http:\/\/www.aves-ostkantone.be\/cms\/wp-content\/uploads\/2020\/04\/Werbung_DVD_Biotope_Ostbelgiens_1994-480x270.jpg\" alt=\"Werbung_DVD_Biotope_Ostbelgiens_1994\" itemprop=\"image\" title=\"Werbung_DVD_Biotope_Ostbelgiens_1994\" onerror=\"this.style.display='none'\"  \/>\n\t\t\t\t<\/a>\n\t<p><strong>DVD-Film \u201eBiotope Ostbelgiens\u201c<\/strong><\/p>\n\t<p>15,00 \u20ac ohne MwSt.<\/p>\n\t<p>18,15 \u20ac inkl. MwSt.<\/p>\n\t\t\t\t<a href=\"https:\/\/www.aves-ostkantone.be\/cms\/wp-content\/uploads\/2020\/04\/aves-nistkastenangebot-platzhalter.png\" target=\"_self\" itemprop=\"url\" rel=\"noopener\">\n\t\t\t\t<img src=\"http:\/\/www.aves-ostkantone.be\/cms\/wp-content\/uploads\/2020\/04\/aves-nistkastenangebot-platzhalter.png\" alt=\"Aves Nistkastenangebot\" itemprop=\"image\" title=\"aves-nistkastenangebot-platzhalter\" onerror=\"this.style.display='none'\"  \/>\n\t\t\t\t<\/a>\n\t<p><strong>Empfehlungen f\u00fcr Nistkasten im Garten (zum Download)<\/strong><\/p>\n\t<p>[ <a href=\"http:\/\/www.aves-ostkantone.be\/cms\/wp-content\/uploads\/2020\/04\/2016-11-24_Empfehlungen_fuer_Nistkaesten_im_Garten.pdf\" target=\"_blank\" rel=\"noopener\">Download<\/a> ]<\/p>\n\t<p><strong>Auf Anfrage erh\u00e4ltlich:<\/strong><\/p>\nZus\u00e4tzlich k\u00f6nnen Sie bei uns Sonderanfertigungen bestellen. Wir stehen Ihnen gerne beratend zur Seite, nehmen gerne eine Ortsbesichtigung vor und installieren auch die Nisthilfen. Die Preise sind abh\u00e4ngig vom Aufwand.<br \/>\nFolgende K\u00e4sten\u00a0 sind erh\u00e4tlich auf Anfrage &#8211; Preis laut Preisangebot.\n&#8211; Bauml\u00e4ufernistkasten<br \/>\n&#8211; Uhunistkasten<br \/>\n&#8211; Waldkauzkasten<br \/>\n&#8211; Rauhfu\u00dfkauzkasten<br \/>\n&#8211; Hornissenkasten<br \/>\n&#8211; Starennistkasten oder Starenhotel<br \/>\n&#8211; Turmfalkenkasten<br \/>\n&#8211; Schleiereulenkasten<br \/>\n&#8211; Steinkauzr\u00f6hre<br \/>\n&#8211; Dohlenkasten\nSie k\u00f6nnen die Nisthilfen in unserer Bildungsst\u00e4tte in Worriken erhalten. Anruf gen\u00fcgt.<br \/>\nDas B\u00fcro ist ge\u00f6ffnet von Dienstag bis Freitag von 08:30 Uhr bis 12:30 Uhr.\n","protected":false},"excerpt":{"rendered":"<div class=\"entry-summary\">\nAVES-Ostkantone bietet das ganze Jahr \u00fcber ein gro\u00dfes Sortiment an Nistk\u00e4sten, Insektenhotels und Vogelschutzger\u00e4ten an.<br \/>\nPreisliste ab 01.02.2020\n<\/div>\n<div class=\"link-more\"><a href=\"https:\/\/www.aves-ostkantone.be\/cms\/wir-ueber-uns\/nistkastenangebot\/\" class=\"more-link\">Weiterlesen<span class=\"screen-reader-text\"> &ldquo;Nistkastenangebot&rdquo;<\/span>&hellip;<\/a><\/div>\n","protected":false},"author":1,"featured_media":0,"parent":1121,"menu_order":0,"comment_status":"closed","ping_status":"closed","template":"","meta":{"_mc_calendar":[]},"_links":{"self":[{"href":"https:\/\/www.aves-ostkantone.be\/cms\/wp-json\/wp\/v2\/pages\/1456"}],"collection":[{"href":"https:\/\/www.aves-ostkantone.be\/cms\/wp-json\/wp\/v2\/pages"}],"about":[{"href":"https:\/\/www.aves-ostkantone.be\/cms\/wp-json\/wp\/v2\/types\/page"}],"author":[{"embeddable":true,"href":"https:\/\/www.aves-ostkantone.be\/cms\/wp-json\/wp\/v2\/users\/1"}],"replies":[{"embeddable":true,"href":"https:\/\/www.aves-ostkantone.be\/cms\/wp-json\/wp\/v2\/comments?post=1456"}],"version-history":[{"count":27,"href":"https:\/\/www.aves-ostkantone.be\/cms\/wp-json\/wp\/v2\/pages\/1456\/revisions"}],"predecessor-version":[{"id":2228,"href":"https:\/\/www.aves-ostkantone.be\/cms\/wp-json\/wp\/v2\/pages\/1456\/revisions\/2228"}],"up":[{"embeddable":true,"href":"https:\/\/www.aves-ostkantone.be\/cms\/wp-json\/wp\/v2\/pages\/1121"}],"wp:attachment":[{"href":"https:\/\/www.aves-ostkantone.be\/cms\/wp-json\/wp\/v2\/media?parent=1456"}],"curies":[{"name":"wp","href":"https:\/\/api.w.org\/{rel}","templated":true}]}}