{"id":1449,"date":"2020-04-02T13:45:43","date_gmt":"2020-04-02T11:45:43","guid":{"rendered":"http:\/\/lab.jardindigital.com\/aves\/?page_id=1449"},"modified":"2020-04-02T13:49:40","modified_gmt":"2020-04-02T11:49:40","slug":"kundenzufriedenheit","status":"publish","type":"page","link":"https:\/\/www.aves-ostkantone.be\/cms\/wir-ueber-uns\/kundenzufriedenheit\/","title":{"rendered":"Kundenzufriedenheit"},"content":{"rendered":"\n\t<h2>Ihre Meinung ist uns wichtig !<\/h2>\n<p>[ <a href=\"http:\/\/www.aves-ostkantone.be\/cms\/wp-content\/uploads\/2020\/04\/aves-ostkantone-ihre_meinung_ist_uns_wichtig.pdf\" target=\"_blank\" rel=\"noopener noreferrer\">Bewertungsformular Download<\/a> ]<\/p>\n<p>&nbsp;<\/p>\n<p>Das ausgef\u00fcllte Bewertungsformular dient der Erwachsenenbildungseinrichtung AVES-Ostkantone VoG als Beleg f\u00fcr eine durchgef\u00fchrte Weiterbildung. Die Regierung der Deutschsprachige Gemeinschaft pr\u00fcft den Beleg und die darin erhobenen pers\u00f6nlichen Daten im Rahmen der Kontrolle der Bezuschussungskriterien gem\u00e4\u00df Artikel 13 des Dekrets vom 17. November 2008 zur F\u00f6rderung der Einrichtungen der Erwachsenenbildung.<\/p>\n<strong>Bitte senden Sie diesen Fragebogen an:<\/strong><br \/>\n<strong>AVES-Ostkantone VOG &#8211; Worriken 9- B 4750 B\u00fctgenbach &#8211; Tel.: +32 (0)80 34 02 46 &#8211; Email: aves.vog@skynet.be<\/strong>\n\t<h2>Votre opinion nous tient \u00e0 c\u0153ur !<\/h2>\n<p>[ <a href=\"http:\/\/www.aves-ostkantone.be\/cms\/wp-content\/uploads\/2020\/04\/aves-ostkantone-votre_opinion_nous_tient_a_c\u0153ur.pdf\" target=\"_blank\" rel=\"noopener noreferrer\">T\u00e9l\u00e9charger le formulaire d&#8217;\u00e9valuation<\/a> ]<\/p>\n<p>&nbsp;<\/p>\n<p>Ce formulaire fournit au centre d\u2019\u00e9ducation des adultes AVES-Ostkantone VoG la preuve d\u2019un cours de formation compl\u00e9mentaire. Le gouvernement de la communaut\u00e9 germanophone examine les pi\u00e8ces justificatives et les donn\u00e9es personnelles collect\u00e9es dans le cadre du contr\u00f4le des crit\u00e8res d&#8217;\u00e9ligibilit\u00e9 au titre de l&#8217;article 13 du d\u00e9cret du 17 novembre 2008 relatif \u00e0 la promotion des \u00e9tablissements d&#8217;enseignement pour adultes.<\/p>\n<strong>Pri\u00e8re d\u2019envoyer le questionnaire \u00e0:<\/strong><br \/>\n<strong>AVES-Ostkantone VOG &#8211; Worriken 9 &#8211; B 4750 B\u00fctgenbach &#8211; Tel.: +32 (0)80 34 02 46 &#8211; Email: aves.vog@skynet.be<\/strong>\n","protected":false},"excerpt":{"rendered":"<div class=\"entry-summary\">\nIhre Meinung ist uns wichtig !  &nbsp; Das ausgef\u00fcllte Bewertungsformular dient der Erwachsenenbildungseinrichtung AVES-Ostkantone VoG als Beleg f\u00fcr eine durchgef\u00fchrte Weiterbildung. Die Regierung der Deutschsprachige Gemeinschaft pr\u00fcft den Beleg und die darin erhobenen pers\u00f6nlichen Daten im&hellip;\n<\/div>\n<div class=\"link-more\"><a href=\"https:\/\/www.aves-ostkantone.be\/cms\/wir-ueber-uns\/kundenzufriedenheit\/\" class=\"more-link\">Weiterlesen<span class=\"screen-reader-text\"> &ldquo;Kundenzufriedenheit&rdquo;<\/span>&hellip;<\/a><\/div>\n","protected":false},"author":1,"featured_media":0,"parent":1121,"menu_order":0,"comment_status":"closed","ping_status":"closed","template":"","meta":{"_mc_calendar":[]},"_links":{"self":[{"href":"https:\/\/www.aves-ostkantone.be\/cms\/wp-json\/wp\/v2\/pages\/1449"}],"collection":[{"href":"https:\/\/www.aves-ostkantone.be\/cms\/wp-json\/wp\/v2\/pages"}],"about":[{"href":"https:\/\/www.aves-ostkantone.be\/cms\/wp-json\/wp\/v2\/types\/page"}],"author":[{"embeddable":true,"href":"https:\/\/www.aves-ostkantone.be\/cms\/wp-json\/wp\/v2\/users\/1"}],"replies":[{"embeddable":true,"href":"https:\/\/www.aves-ostkantone.be\/cms\/wp-json\/wp\/v2\/comments?post=1449"}],"version-history":[{"count":3,"href":"https:\/\/www.aves-ostkantone.be\/cms\/wp-json\/wp\/v2\/pages\/1449\/revisions"}],"predecessor-version":[{"id":1455,"href":"https:\/\/www.aves-ostkantone.be\/cms\/wp-json\/wp\/v2\/pages\/1449\/revisions\/1455"}],"up":[{"embeddable":true,"href":"https:\/\/www.aves-ostkantone.be\/cms\/wp-json\/wp\/v2\/pages\/1121"}],"wp:attachment":[{"href":"https:\/\/www.aves-ostkantone.be\/cms\/wp-json\/wp\/v2\/media?parent=1449"}],"curies":[{"name":"wp","href":"https:\/\/api.w.org\/{rel}","templated":true}]}}