{"id":1363,"date":"2020-03-27T13:37:52","date_gmt":"2020-03-27T12:37:52","guid":{"rendered":"http:\/\/lab.jardindigital.com\/aves\/my-calendar\/"},"modified":"2026-01-07T12:44:26","modified_gmt":"2026-01-07T11:44:26","slug":"veranstaltungen","status":"publish","type":"page","link":"https:\/\/www.aves-ostkantone.be\/cms\/veranstaltungen\/","title":{"rendered":"Veranstaltungen"},"content":{"rendered":"\r\n<p>Der AVES-Veranstaltungskalender umfasst eine Reihe von Exkursionen, die unter fachkundiger Anleitung an Wochenenden oder Feiertagen stattfinden. Unsere naturkundlichen Wanderungen werden in deutscher und franz\u00f6sischer Sprache durchgef\u00fchrt. Wir raten den Exkursionsteilnehmern m\u00f6glichst unauff\u00e4llige Kleidung zu tragen (keine leuchtenden Farben) und keine Hunde mitzunehmen. Gummistiefel oder hohe Wanderschuhe sollten vorsichtshalber mit ins Gep\u00e4ck, da oft sumpfige Zonen begangen werden. Auch ein Picknick ist je nach Dauer der Exkursion ratsam. Die Mitnahme eines Fernglases ist f\u00fcr alle ornithologischen Wanderungen zu empfehlen. Wir m\u00f6chten an dieser Stelle darauf hinweisen, dass die Teilnahme an unseren Veranstaltungen jeweils auf eigene Verantwortung geschieht. Jeder Naturfreund, d.h. auch Laien und Nichtmitglieder, ist herzlich willkommen. Es wird kein Unkostenbeitrag erhoben. \u00dcber eine Spende f\u00fcr den guten Zweck freuen wir uns.<\/p>\r\n<p><strong>AVES &#8211; Exkursionskalender 2026 [<!--StartFragment --> <a href=\"https:\/\/avesostkantone-my.sharepoint.com\/:b:\/g\/personal\/andrea_aves-ostkantone_be\/IQDrEh16_JufRY5D2v0NfvfSAbYgkAUkQOiyHp_FvhNq1Ps?e=4GtEbZ\">Veranstaltungskalender_AVES_2026.pdf<\/a><\/strong><strong>]<\/strong><\/p>\r\n<p><strong>AVES &#8211; Exkursionskalender 2026 erh\u00e4ltlich bei AVES-Ostkantone &#8211; Worriken 9 &#8211; 4750 B\u00fctgenbach<\/strong><\/p>\r\n<p><a role=\"button\" href=\"https:\/\/www.aves-ostkantone.be\/cms\/veranstaltungen\/veranstaltungskalender\/\" target=\"_self\" rel=\"noopener\"> Zum Veranstaltungskalender &gt;&gt;&gt; <\/a><\/p>\r\n<p>&nbsp;<\/p>\r\n\r\n<div id=\"ConnectiveDocSignExtentionInstalled\" data-extension-version=\"1.0.4\">\u00a0<\/div>","protected":false},"excerpt":{"rendered":"<div class=\"entry-summary\">\nDer AVES-Veranstaltungskalender umfasst eine Reihe von Exkursionen, die unter fachkundiger Anleitung an Wochenenden oder Feiertagen stattfinden. Unsere naturkundlichen Wanderungen werden in deutscher und franz\u00f6sischer Sprache durchgef\u00fchrt. Wir raten den Exkursionsteilnehmern m\u00f6glichst unauff\u00e4llige Kleidung zu tragen (keine leuchtenden Farben) und keine&hellip;\n<\/div>\n<div class=\"link-more\"><a href=\"https:\/\/www.aves-ostkantone.be\/cms\/veranstaltungen\/\" class=\"more-link\">Weiterlesen<span class=\"screen-reader-text\"> &ldquo;Veranstaltungen&rdquo;<\/span>&hellip;<\/a><\/div>\n","protected":false},"author":1,"featured_media":0,"parent":0,"menu_order":0,"comment_status":"closed","ping_status":"closed","template":"","meta":{"_mc_calendar":[]},"_links":{"self":[{"href":"https:\/\/www.aves-ostkantone.be\/cms\/wp-json\/wp\/v2\/pages\/1363"}],"collection":[{"href":"https:\/\/www.aves-ostkantone.be\/cms\/wp-json\/wp\/v2\/pages"}],"about":[{"href":"https:\/\/www.aves-ostkantone.be\/cms\/wp-json\/wp\/v2\/types\/page"}],"author":[{"embeddable":true,"href":"https:\/\/www.aves-ostkantone.be\/cms\/wp-json\/wp\/v2\/users\/1"}],"replies":[{"embeddable":true,"href":"https:\/\/www.aves-ostkantone.be\/cms\/wp-json\/wp\/v2\/comments?post=1363"}],"version-history":[{"count":33,"href":"https:\/\/www.aves-ostkantone.be\/cms\/wp-json\/wp\/v2\/pages\/1363\/revisions"}],"predecessor-version":[{"id":2381,"href":"https:\/\/www.aves-ostkantone.be\/cms\/wp-json\/wp\/v2\/pages\/1363\/revisions\/2381"}],"wp:attachment":[{"href":"https:\/\/www.aves-ostkantone.be\/cms\/wp-json\/wp\/v2\/media?parent=1363"}],"curies":[{"name":"wp","href":"https:\/\/api.w.org\/{rel}","templated":true}]}}