{"id":1314,"date":"2020-03-04T14:20:16","date_gmt":"2020-03-04T13:20:16","guid":{"rendered":"http:\/\/lab.jardindigital.com\/aves\/?page_id=1314"},"modified":"2023-11-09T12:12:52","modified_gmt":"2023-11-09T11:12:52","slug":"impressum","status":"publish","type":"page","link":"https:\/\/www.aves-ostkantone.be\/cms\/impressum\/","title":{"rendered":"Impressum"},"content":{"rendered":"\r\n<p><strong>Verantwortlicher Herausgeber:<\/strong><\/p>\r\n<p>AVES-Ostkantone VoG<\/p>\r\n<p>Worriken, 9<br \/>4750 B\u00fctgenbach<\/p>\r\n<p>E-Mail: aves.vog@skynet.be<\/p>\r\n<p>www.aves-ostkantone.be<\/p>\r\n<p>MwSt.ID: BE 0424 463 288<\/p>\r\n<p><strong>Die Website https:\/\/www.aves-ostkantone.be ist konform mit den WCAG-Standards <\/strong>(Web Content Accessibility Guidelines) <strong>2.1 Stufe AA.<\/strong><\/p>\r\n<p><strong>Getestet mit<\/strong><\/p>\r\n<p><a href=\"https:\/\/wave.webaim.org\/report#\/https:\/\/www.aves-ostkantone.be\/cms\/\" target=\"_blank\" rel=\"noopener noreferrer\"><img loading=\"lazy\" src=\"https:\/\/www.aves-ostkantone.be\/cms\/wp-content\/uploads\/2020\/04\/wavelogo.png\" alt=\"WAVE - web accessibility evaluation tool\" width=\"182\" height=\"69\" \/><\/a><\/p>\r\n<p><strong>Rechtlicher Hinweis:<\/strong><\/p>\r\n<p>Die Informationen auf dieser Website wurden mit gr\u00f6\u00dftm\u00f6glicher Sorgfalt zusammengestellt. Sie werden st\u00e4ndig gepr\u00fcft und aktualisiert. F\u00fcr die Korrektheit, Aktualit\u00e4t und Vollst\u00e4ndigkeit der enthaltenen Informationen kann dennoch keine Haftung oder Garantie \u00fcbernommen werden. Jegliche Haftung f\u00fcr Sch\u00e4den, die direkt oder indirekt aus Benutzung dieser Website entstehen, wird ausgeschlossen, sofern diese nicht auf Vorsatz oder grober Fahrl\u00e4ssigkeit beruhen. Sofern von dieser Website per Hyperlink auf andere Internetseiten verwiesen wird, die von Dritten betrieben werden, \u00fcbernimmt die AVES-Ostkantone keine Verantwortung f\u00fcr die Inhalte.<\/p>\r\n<p>Die AVES-Ostkantone beh\u00e4lt sich das Recht vor, jederzeit \u00c4nderungen und Erg\u00e4nzungen der bereitgestellten Informationen vorzunehmen.<\/p>\r\n<p>Alle Rechte vorbehalten. Texte und Bilder sowie deren Anordnung auf der AVES-Ostkantone \u2013 Website unterliegen dem Schutz des Urheberrechts und anderen Schutzgesetzen.Der Inhalt dieser Website darf nicht zu kommerziellen Zwecken kopiert, verbreitet, ver\u00e4ndert oder Dritten zug\u00e4nglich gemacht werden.<\/p>\r\n<p>B\u00fctgenbach, M\u00e4rz 2016<\/p>\r\n<p><strong>Webdesign &amp; Hosting:<\/strong><\/p>\r\n<p><a href=\"https:\/\/www.designagentur.be\" target=\"_blank\" rel=\"noopener noreferrer\">Die Designagentur &#8211; Leifgen<\/a><\/p>\r\n","protected":false},"excerpt":{"rendered":"<div class=\"entry-summary\">\nVerantwortlicher Herausgeber: AVES-Ostkantone VoG Worriken, 94750 B\u00fctgenbach E-Mail: aves.vog@skynet.be www.aves-ostkantone.be MwSt.ID: BE 0424 463 288 Die Website https:\/\/www.aves-ostkantone.be ist konform mit den WCAG-Standards (Web Content Accessibility Guidelines) 2.1 Stufe AA. Getestet mit Rechtlicher Hinweis: Die Informationen auf dieser Website wurden&hellip;\n<\/div>\n<div class=\"link-more\"><a href=\"https:\/\/www.aves-ostkantone.be\/cms\/impressum\/\" class=\"more-link\">Weiterlesen<span class=\"screen-reader-text\"> &ldquo;Impressum&rdquo;<\/span>&hellip;<\/a><\/div>\n","protected":false},"author":1,"featured_media":0,"parent":0,"menu_order":0,"comment_status":"closed","ping_status":"closed","template":"","meta":{"_mc_calendar":[]},"_links":{"self":[{"href":"https:\/\/www.aves-ostkantone.be\/cms\/wp-json\/wp\/v2\/pages\/1314"}],"collection":[{"href":"https:\/\/www.aves-ostkantone.be\/cms\/wp-json\/wp\/v2\/pages"}],"about":[{"href":"https:\/\/www.aves-ostkantone.be\/cms\/wp-json\/wp\/v2\/types\/page"}],"author":[{"embeddable":true,"href":"https:\/\/www.aves-ostkantone.be\/cms\/wp-json\/wp\/v2\/users\/1"}],"replies":[{"embeddable":true,"href":"https:\/\/www.aves-ostkantone.be\/cms\/wp-json\/wp\/v2\/comments?post=1314"}],"version-history":[{"count":12,"href":"https:\/\/www.aves-ostkantone.be\/cms\/wp-json\/wp\/v2\/pages\/1314\/revisions"}],"predecessor-version":[{"id":2167,"href":"https:\/\/www.aves-ostkantone.be\/cms\/wp-json\/wp\/v2\/pages\/1314\/revisions\/2167"}],"wp:attachment":[{"href":"https:\/\/www.aves-ostkantone.be\/cms\/wp-json\/wp\/v2\/media?parent=1314"}],"curies":[{"name":"wp","href":"https:\/\/api.w.org\/{rel}","templated":true}]}}