{"id":1172,"date":"2020-01-27T14:56:57","date_gmt":"2020-01-27T13:56:57","guid":{"rendered":"http:\/\/lab.jardindigital.com\/aves\/?page_id=1172"},"modified":"2020-04-02T13:44:54","modified_gmt":"2020-04-02T11:44:54","slug":"beobachtungen-melden","status":"publish","type":"page","link":"https:\/\/www.aves-ostkantone.be\/cms\/wir-ueber-uns\/beobachtungen-melden\/","title":{"rendered":"Beobachtungen melden"},"content":{"rendered":"\n\t<p>\u00dcber\u00a0<strong><a href=\"http:\/\/ostkantone.observations.be\/\" target=\"_blank\" rel=\"noopener noreferrer\">http:\/\/ostkantone.observations.be<\/a><\/strong>\u00a0gelangen Sie auf die Seite der Naturbeobachtungen in Ostbelgien. Eine Anmeldung ist einfach. Stellen sie zun\u00e4chst Ihre Sprache ein und gehen Sie einfach auf \u201eAnmelden\u201c. Folgen Sie dann den Instruktionen am Bildschirm. Sie erhalten dann ihr pers\u00f6nliches Passwort und k\u00f6nnen fortan Ihre Beobachtungen mitteilen, eigene Statistiken einsehen, eigene Fotos und Tonaufnahmen einf\u00fcgen. Gleichzeitig bekommen Sie eine Einsicht in beobachtete Arten in Ostbelgien, k\u00f6nnen dabei Ihre ornithologischen Kenntnisse vertiefen, Verbreitungskarten einsehen und und und \u2026.<\/p>\n<p>Durch Ihre Eingaben erg\u00e4nzen Sie den Kenntnisstand \u00fcber die heimische Avifauna. Doch nicht nur Vogelarten werden ber\u00fccksichtigt, Sie k\u00f6nnen alle Naturbeobachtungen, ob Pflanzen, S\u00e4ugetiere, Insekten, Spinnen, Amphibien, oder Reptilien, kurzum ALLES in unsere Datenbank eingeben.<\/p>\n","protected":false},"excerpt":{"rendered":"<div class=\"entry-summary\">\nF\u00fcr alle Interessenten bietet AVES-Ostkantone ein interessantes Portal, eigene Beobachtungen in Ostbelgien mitzuteilen oder sich \u00fcber andere zu informieren.\n<\/div>\n<div class=\"link-more\"><a href=\"https:\/\/www.aves-ostkantone.be\/cms\/wir-ueber-uns\/beobachtungen-melden\/\" class=\"more-link\">Weiterlesen<span class=\"screen-reader-text\"> &ldquo;Beobachtungen melden&rdquo;<\/span>&hellip;<\/a><\/div>\n","protected":false},"author":1,"featured_media":0,"parent":1121,"menu_order":0,"comment_status":"closed","ping_status":"closed","template":"","meta":{"_mc_calendar":[]},"_links":{"self":[{"href":"https:\/\/www.aves-ostkantone.be\/cms\/wp-json\/wp\/v2\/pages\/1172"}],"collection":[{"href":"https:\/\/www.aves-ostkantone.be\/cms\/wp-json\/wp\/v2\/pages"}],"about":[{"href":"https:\/\/www.aves-ostkantone.be\/cms\/wp-json\/wp\/v2\/types\/page"}],"author":[{"embeddable":true,"href":"https:\/\/www.aves-ostkantone.be\/cms\/wp-json\/wp\/v2\/users\/1"}],"replies":[{"embeddable":true,"href":"https:\/\/www.aves-ostkantone.be\/cms\/wp-json\/wp\/v2\/comments?post=1172"}],"version-history":[{"count":3,"href":"https:\/\/www.aves-ostkantone.be\/cms\/wp-json\/wp\/v2\/pages\/1172\/revisions"}],"predecessor-version":[{"id":1175,"href":"https:\/\/www.aves-ostkantone.be\/cms\/wp-json\/wp\/v2\/pages\/1172\/revisions\/1175"}],"up":[{"embeddable":true,"href":"https:\/\/www.aves-ostkantone.be\/cms\/wp-json\/wp\/v2\/pages\/1121"}],"wp:attachment":[{"href":"https:\/\/www.aves-ostkantone.be\/cms\/wp-json\/wp\/v2\/media?parent=1172"}],"curies":[{"name":"wp","href":"https:\/\/api.w.org\/{rel}","templated":true}]}}